{"id":574,"date":"2026-01-12T13:06:27","date_gmt":"2026-01-12T13:06:27","guid":{"rendered":"https:\/\/bahrish.com\/?page_id=574"},"modified":"2026-01-12T13:06:27","modified_gmt":"2026-01-12T13:06:27","slug":"kvkk-aydinlatma-metni","status":"publish","type":"page","link":"https:\/\/magaza.bahrish.com\/tr\/kvkk-aydinlatma-metni\/","title":{"rendered":"KVKK Ayd\u0131nlatma Metni"},"content":{"rendered":"<p>[et_pb_section fb_built=&#8221;1&#8243; theme_builder_area=&#8221;post_content&#8221; _builder_version=&#8221;4.27.5&#8243; _module_preset=&#8221;default&#8221;][et_pb_row _builder_version=&#8221;4.27.5&#8243; _module_preset=&#8221;default&#8221; theme_builder_area=&#8221;post_content&#8221;][et_pb_column _builder_version=&#8221;4.27.5&#8243; _module_preset=&#8221;default&#8221; type=&#8221;4_4&#8243; theme_builder_area=&#8221;post_content&#8221;][et_pb_text _builder_version=&#8221;4.27.5&#8243; _module_preset=&#8221;default&#8221; theme_builder_area=&#8221;post_content&#8221; text_font=&#8221;&#8211;et_global_heading_font||||||||&#8221; text_orientation=&#8221;center&#8221; header_font=&#8221;&#8211;et_global_heading_font||||||||&#8221; header_text_align=&#8221;center&#8221; hover_enabled=&#8221;0&#8243; sticky_enabled=&#8221;0&#8243;]<\/p>\n<h3 style=\"text-align: center;\"><span style=\"color: #4f0041;\">www.bahrish.com TARAFINDAN <\/span><br \/><span style=\"color: #4f0041;\">K\u0130\u015e\u0130SEL VER\u0130LER\u0130N KORUNMASINA \u0130L\u0130\u015eK\u0130N B\u0130LG\u0130LEND\u0130RME<\/span><\/h3>\n<p style=\"text-align: left;\">\n<p style=\"text-align: left;\"><span style=\"color: #4f0041;\">1-Genel<\/span><\/p>\n<p style=\"text-align: left;\">\u201cBAHRISH\u201d olarak; ki\u015fisel verilerinizin gizlili\u011fi ve g\u00fcvenli\u011fi en \u00f6nemli \u00f6nceliklerimiz aras\u0131ndad\u0131r. \u015eirketimiz, 6698 say\u0131l\u0131 Ki\u015fisel Verilerin Korunmas\u0131 Kanunu (&#8220;KVKK&#8221;) d\u00fczenlemelerine ve ikincil mevzuata uyumlu bir \u015fekilde ki\u015fisel verilerinizi i\u015flemektedir.<br \/>\u015eirketimize www.bahrish.com \u00fczerinden sunulan hizmetlerden yararlanabilmek amac\u0131yla \u00dcyelik S\u00f6zle\u015fmesi\u2019ni kabul ederek \u201c\u00dcye\u201d olman\u0131z halinde i\u015flenen ki\u015fisel verileriniz hakk\u0131nda sizleri bilgilendirmek isteriz.<\/p>\n<p style=\"text-align: left;\"><span style=\"color: #4f0041;\">2- Hangi ki\u015fisel verilerinizi i\u015fliyoruz?<\/span><\/p>\n<p style=\"text-align: left;\">www.bahrish.com \u00dcyesi olman\u0131z halinde, a\u015fa\u011f\u0131daki ki\u015fisel verileriniz i\u015flenmektedir.<br \/>\uf0b7Kullan\u0131c\u0131 Hesap Bilgileriniz: ad\u0131n\u0131z, soyad\u0131n\u0131z, m\u00fc\u015fteri numaran\u0131z, \u00fcyelik e-posta adresiniz ve kullan\u0131c\u0131 bilgilerinize eklemeniz halinde telefon numaran\u0131z, cinsiyet, do\u011fum tarihi, boy ve kilo bilginiz,<br \/>\uf0b7M\u00fc\u015fteri \u0130\u015flem Bilgileriniz: sipari\u015f ve fatura bilginiz, al\u0131\u015fveri\u015flerinizle ilgili ger\u00e7ekle\u015fen i\u015flem ge\u00e7mi\u015fi bilginiz, talep ve \u015fik\u00e2yet bilgileriniz, web sitesi kullan\u0131m bilgileriniz, sitede yer alan \u00fcr\u00fcnlere ili\u015fkin yorum yapman\u0131z ve\/veya soru sorman\u0131z halinde yorum ve sorular\u0131n\u0131z i\u00e7erisinde bizzat payla\u015ft\u0131\u011f\u0131n\u0131z bilgiler, puan ve de\u011ferlendirme bilgileriniz, Chat kanal\u0131yla yap\u0131lan konu\u015fma i\u00e7eriklerine y\u00f6nelik bilgiler, iptal\/iade bilgileriniz.<br \/>\uf0b7Teslimat Bilgileriniz: sipari\u015f verdi\u011finiz \u00fcr\u00fcn\u00fcn teslimat\u0131 i\u00e7in ekledi\u011finiz telefon numaras\u0131 ve teslimat adresi bilgileriniz, teslimat i\u015flem bilgileriniz,<br \/>\uf0b7\u00d6deme Bilgileriniz: taraf\u0131n\u0131zca yap\u0131lan \u00f6demelere ve \u00f6deme y\u00f6ntemlerine ili\u015fkin bilgileriniz, kay\u0131tl\u0131 kart bilgileriniz,<br \/>\uf0b7\u0130\u015flem G\u00fcvenli\u011fi Bilgileriniz: cihaz bilgileriniz, IP adresi bilgisi, \u015fifre ve parola bilgileriniz, \u00e7erez bilgileriniz, platform eri\u015fim kay\u0131tlar\u0131, giri\u015f yapma y\u00f6nteminiz (Google\/Facebook arac\u0131l\u0131\u011f\u0131yla),<br \/>\uf0b7Hukuki \u0130\u015flem Bilgileriniz: yetkili ki\u015fi, kurum ve kurulu\u015flarla yaz\u0131\u015fmalardaki bilgiler, dava ve icra dosyalar\u0131ndaki bilgiler, yasal bilgi talebi bilgileriniz,<br \/>\uf0b7\u0130\u015fitsel Kay\u0131t Bilgileriniz: \u00e7a\u011fr\u0131 merkeziyle g\u00f6r\u00fc\u015fmeniz halinde ses kayd\u0131n\u0131z<br \/>.<br \/><span style=\"color: #4f0041;\">3- Ki\u015fisel verilerinizin i\u015flenmesinin hukuki sebepleri, ama\u00e7lar\u0131 ve toplama y\u00f6ntemleri nelerdir?<\/span><\/p>\n<p style=\"text-align: left;\">Ki\u015fisel verileriniz, \u015eirketimiz taraf\u0131ndan tamamen veya k\u0131smen otomatik olan ya da herhangi bir veri kay\u0131t sisteminin par\u00e7as\u0131 olmak kayd\u0131yla otomatik olmayan yollarla, \u00fcyelik s\u00f6zle\u015fmemiz kapsam\u0131nda \u015eirketimize ait yararland\u0131\u011f\u0131n\u0131z web sitesi Hizmetinin yer ald\u0131\u011f\u0131 mobil uygulama ya da internet siteleri \u00fczerinden elektronik ortamda; canl\u0131 yard\u0131m, \u00e7a\u011fr\u0131 merkezi ya da e-posta kanallar\u0131yla ileti\u015fime ge\u00e7ti\u011finizde ise ileti\u015fime ge\u00e7ti\u011finiz kanal vas\u0131tas\u0131yla elektronik ortamda ve \u015eirketimize matbu formlar, tebligat, posta yoluyla iletilmesi veya yasal merciler taraf\u0131ndan tebli\u011f edilmesi halinde fiziki ortamda toplanmaktad\u0131r. \u0130\u015flenen ki\u015fisel verileriniz, i\u015flenme ama\u00e7lar\u0131 ve hukuki sebeplerine a\u015fa\u011f\u0131da yer verilmi\u015ftir.<\/p>\n<p style=\"text-align: left;\"><span style=\"color: #4f0041;\">3.1 \u00dcyelik ve Hesap Olu\u015fturma S\u00fcreci:<\/span><\/p>\n<p style=\"text-align: left;\">\uf0b7\u00dcyelik s\u00f6zle\u015fmesinin kurulmas\u0131 ve ifas\u0131na y\u00f6nelik s\u00fcre\u00e7lerin y\u00fcr\u00fct\u00fclmesi,<br \/>\uf0b7Web sitesi \u00fcye profilinin\/hesab\u0131n olu\u015fturulmas\u0131 ve kapat\u0131lmas\u0131 s\u00fcre\u00e7lerinin y\u00f6netilmesi,<br \/>\uf0b7\u0130leti\u015fim bilgilerinin do\u011frulanmas\u0131,<br \/>\uf0b7www.bahrish.com vas\u0131tas\u0131yla sat\u0131n al\u0131m i\u015flemlerinizin ger\u00e7ekle\u015ftirilmesine y\u00f6nelik faaliyetlerin y\u00fcr\u00fct\u00fclmesi,<br \/>\uf0b7\u015eirket\u2019in i\u015f faaliyetlerinin y\u00fcr\u00fct\u00fclmesi ve denetimi,<br \/>\uf0b7magaza.bahrish.com\/ operasyonlar\u0131n\u0131n g\u00fcvenli\u011finin sa\u011flanmas\u0131,<br \/>\uf0b76563 Elektronik Ticaretin D\u00fczenlenmesi Hakk\u0131nda Kanun, 6102 Say\u0131l\u0131 T\u00fcrk Ticaret Kanunu, 5237 Say\u0131l\u0131 T\u00fcrk Ceza Kanunu ve 6502 say\u0131l\u0131 T\u00fcketicinin Korunmas\u0131 Hakk\u0131nda Kanun ba\u015fta olmak \u00fczere \u015eirketimizin tabi oldu\u011fu mevzuattan kaynaklanan y\u00fck\u00fcml\u00fcl\u00fcklerin yerine getirilmesi,<br \/>\uf0b7magaza.bahrish.com\/ faaliyetlerinin mevzuata uygun olarak y\u00fcr\u00fct\u00fclmesi,<br \/>\uf0b7Mevzuattan kaynaklanan y\u00fck\u00fcml\u00fcl\u00fcklerimiz uyar\u0131nca \u015eirketimiz taraf\u0131ndan veri payla\u015f\u0131m\u0131 ve muhafazas\u0131 y\u00fck\u00fcml\u00fcl\u00fcklerinin yerine getirilmesi.<\/p>\n<p style=\"text-align: left;\"><span style=\"color: #4f0041;\">3.2 \u015eirketin Bilgi G\u00fcvenli\u011fi, Risk, Denetim ve Kontrol S\u00fcre\u00e7leri:<\/span><\/p>\n<p style=\"text-align: left;\">\uf0b7Finans ve muhasebe s\u00fcre\u00e7lerinin y\u00fcr\u00fct\u00fclmesi ve denetimi,<br \/>\uf0b7Faturaland\u0131rma s\u00fcre\u00e7lerinin y\u00fcr\u00fct\u00fclmesi,<br \/>\uf0b7Bilgi g\u00fcvenli\u011fi s\u00fcre\u00e7lerinin y\u00fcr\u00fct\u00fclmesi ve \u015f\u00fcpheli i\u015flemlere y\u00f6nelik inceleme yap\u0131lmas\u0131,<br \/>\uf0b7Platforma ili\u015fkin olarak operasyonlar\u0131n g\u00fcvenli\u011finin sa\u011flanmas\u0131,<br \/>\uf0b7\u015eirketimizin sundu\u011fu \u00fcr\u00fcn ve hizmetlerin kalitesinin kontrol\u00fc, geli\u015ftirilmesi ve iyile\u015ftirilmesi,<br \/>\uf0b7Risk tespiti ve analizlerinin yap\u0131lmas\u0131, \u015fik\u00e2yet y\u00f6netimi yap\u0131lmas\u0131,<br \/>\uf0b7Doland\u0131r\u0131c\u0131l\u0131klar\u0131n \u00f6nlenmesi,<br \/>\uf0b7Olas\u0131 \u015firket birle\u015fme, devralma, ortak giri\u015fim, b\u00f6l\u00fcnme ve sair yap\u0131sal de\u011fi\u015fikliklerde \u015eirketimizin hukuki ve finansal inceleme faaliyetlerinin ger\u00e7ekle\u015ftirilmesi.<\/p>\n<p style=\"text-align: left;\"><span style=\"color: #4f0041;\">3.3 A\u00e7\u0131k R\u0131zaya Dayal\u0131 Y\u00fcr\u00fct\u00fclen S\u00fcre\u00e7ler:<\/span><\/p>\n<p style=\"text-align: left;\">\uf0b7Pazarlama, reklam ve tan\u0131t\u0131m faaliyetlerinin y\u00fcr\u00fct\u00fclmesi,<br \/>\uf0b7Finansal teklif s\u00fcre\u00e7lerinin y\u00fcr\u00fct\u00fclmesi,<br \/>\uf0b7Size \u00f6zel avantajl\u0131 tekliflerin sunulabilmesi, sizleri daha iyi tan\u0131yarak memnuniyetinizin artt\u0131r\u0131lmas\u0131na y\u00f6nelik faaliyetlerin y\u00fcr\u00fct\u00fclmesi ve bu kapsamda ticari elektronik iletiler g\u00f6nderilmesi.<\/p>\n<p style=\"text-align: left;\"><span style=\"color: #4f0041;\">4- \u015eirket ki\u015fisel verilerinizi kimlere hangi sebeplerle aktar\u0131yor?<\/span><\/p>\n<p style=\"text-align: left;\">\u015eirketimiz, ki\u015fisel verilerinizi &#8220;bilme gere\u011fi&#8221; ve &#8220;kullanma gere\u011fi&#8221; ilkelerine uygun olarak, gerekli veri minimiz asy\u00f6n\u00fcn\u00fc sa\u011flayarak ve gerekli teknik ve idari g\u00fcvenlik tedbirlerini alarak i\u015flemeye \u00f6zen g\u00f6stermektedir.<br \/>\u015eirketimiz taraf\u0131ndan, ki\u015fisel verileriniz yurt i\u00e7inde KVKK\u2019n\u0131n 8. maddesi uyar\u0131nca \u201cKanunlarda a\u00e7\u0131k\u00e7a \u00f6ng\u00f6r\u00fclmesi, \u015eirketimizin hukuki y\u00fck\u00fcml\u00fcl\u00fcklerinin yerine getirebilmesi i\u00e7in zorunlu olmas\u0131, s\u00f6zle\u015fmenin kurulmas\u0131 veya ifas\u0131 i\u00e7in gerekli olmas\u0131, \u200b\u200bbir hakk\u0131n tesisi, kullan\u0131lmas\u0131 veya korunmas\u0131 i\u00e7in veri i\u015flemenin zorunlu olmas\u0131 ve\/veya \u015eirketimizin me\u015fru menfaati i\u00e7in zorunlu olmas\u0131\u201d hukuki sebeplerine dayan\u0131larak a\u015fa\u011f\u0131da detayl\u0131ca belirtilen al\u0131c\u0131 gruplar\u0131 ile payla\u015f\u0131lmaktad\u0131r.<br \/>\u015eirketimiz taraf\u0131ndan ki\u015fisel verilerinizin yurt d\u0131\u015f\u0131na aktar\u0131lmas\u0131 hallerinde ise, KVKK\u2019n\u0131n 9. maddesinde ve Ki\u015fisel Verilerin Yurt D\u0131\u015f\u0131na Aktar\u0131lmas\u0131na \u0130li\u015fkin Usul ve Esaslar Hakk\u0131nda Y\u00f6netmelik\u2019te d\u00fczenlenen \u201cStandart s\u00f6zle\u015fme ile uygun g\u00fcvencenin sa\u011flanmas\u0131 veya ar\u0131zi olmak kayd\u0131yla KVKK\u2019n\u0131n 9.maddesinin 6. f\u0131kras\u0131nda d\u00fczenlenen hallerden birinin varl\u0131\u011f\u0131\u201d hukuki sebeplerine dayan\u0131larak a\u015fa\u011f\u0131da detayl\u0131ca belirtilen al\u0131c\u0131 gruplar\u0131 ile payla\u015f\u0131lmaktad\u0131r.<\/p>\n<p style=\"text-align: left;\"><span style=\"color: #4f0041;\">4.1. \u00dcyelik ve Hesap Olu\u015fturma S\u00fcreci:<\/span><\/p>\n<p style=\"text-align: left;\">\uf0b7S\u00f6zle\u015fmesel ili\u015fkimiz uyar\u0131nca magaza.bahrish.com\/ ili\u015fkin ald\u0131\u011f\u0131m\u0131z hizmetler kapsam\u0131nda Platform Hizmetleri\u2019nden faydalanman\u0131z\u0131n sa\u011flanmas\u0131, \u00fcyelik s\u00f6zle\u015fmesinin kurulmas\u0131 ve ifas\u0131 ama\u00e7lar\u0131yla ki\u015fisel verileriniz i\u015ftiraklerimizle Payla\u015f\u0131lmaktad\u0131r.<\/p>\n<p style=\"text-align: left;\"><span style=\"color: #4f0041;\">4.2. Sipari\u015f, Teslimat ve \u0130ptal\/\u0130ade S\u00fcre\u00e7leri:<\/span><\/p>\n<p style=\"text-align: left;\">\uf0b7www.bahrish.com Hizmetleri\u2019nden faydalanman\u0131z\u0131n sa\u011flanmas\u0131, amac\u0131yla, Lojistik faaliyetlerin y\u00fcr\u00fct\u00fclmesi ve teslimat s\u00fcre\u00e7lerinin takibinin yap\u0131lmas\u0131 amac\u0131yla \u00fcr\u00fcn sat\u0131c\u0131s\u0131, kargo firmalar\u0131, \u00f6zel kuryelerle,<br \/>\uf0b7\u00d6deme s\u00fcre\u00e7lerinizin y\u00fcr\u00fct\u00fclmesi ve takibi amac\u0131yla anla\u015fmal\u0131 oldu\u011fumuz bankalarla ve di\u011fer \u00f6deme kurulu\u015flar\u0131yla, <br \/>\uf0b7Sat\u0131n ald\u0131\u011f\u0131n\u0131z \u00fcr\u00fcn\u00fcn teslimat\u0131 gibi hususlarda taraf\u0131n\u0131za bilgi vermek amac\u0131yla toplu SMS \/ e-posta g\u00f6nderimine ili\u015fkin hizmet al\u0131nan i\u015f ortaklar\u0131m\u0131zla,<br \/>\uf0b7Yurt d\u0131\u015f\u0131ndan \u00fcr\u00fcn sipari\u015f vermeniz halinde, sipari\u015f teslimat ve iade s\u00fcre\u00e7lerinin y\u00fcr\u00fct\u00fclmesi, lojistik ve tedarik zinciri s\u00fcre\u00e7lerinin y\u00fcr\u00fct\u00fclmesi, g\u00fcmr\u00fck s\u00fcre\u00e7lerinin y\u00fcr\u00fct\u00fclmesi, site operasyonlar\u0131n\u0131n y\u00fcr\u00fct\u00fclmesi ama\u00e7lar\u0131yla yurt d\u0131\u015f\u0131nda yerle\u015fik kargo ve lojistik \u015firketleri, sat\u0131n ald\u0131\u011f\u0131n\u0131z \u00fcr\u00fcn\u00fcn sat\u0131c\u0131s\u0131yla ve g\u00fcmr\u00fck dan\u0131\u015fmanl\u0131k \u015firketleriyle Payla\u015f\u0131lmaktad\u0131r.<\/p>\n<p style=\"text-align: left;\"><span style=\"color: #4f0041;\">4.3. \u015eirketin bilgi g\u00fcvenli\u011fi, risk, denetim ve kontrol s\u00fcre\u00e7leri:<\/span><\/p>\n<p style=\"text-align: left;\">\uf0b7Faturaland\u0131rma s\u00fcre\u00e7lerinin y\u00fcr\u00fct\u00fclmesi, m\u00fc\u015fteriye e-faturan\u0131n elektronik olarak g\u00f6nderilmesi, fiziki s\u00f6zle\u015fme veya fatura teslimat\u0131 yap\u0131lmas\u0131, finansal ve muhasebe s\u00fcre\u00e7lerinin y\u00f6netimi, risklerin tespiti, de\u011ferlendirilmesi, doland\u0131r\u0131c\u0131l\u0131klar\u0131n \u00f6nlenmesi ama\u00e7lar\u0131yla i\u015f ortaklar\u0131m\u0131z, dan\u0131\u015fmanlar\u0131m\u0131z ve hizmet sa\u011flay\u0131c\u0131lar\u0131m\u0131z, bankalar, e-fatura i\u015f orta\u011f\u0131, kargo ve kurye firmalar\u0131, \u00f6zel entegrat\u00f6r, ba\u011f\u0131ms\u0131z denetim, g\u00fcmr\u00fck, mali m\u00fc\u015favir\/muhasebe hizmeti sunan i\u015f ortaklar\u0131m\u0131zla,<br \/>\uf0b7\u015eirket operasyonlar\u0131n\u0131n g\u00fcvenli\u011finin sa\u011flanmas\u0131, \u015eirketimizin sundu\u011fu \u00fcr\u00fcn ve hizmetlerin kalitesinin kontrol\u00fc ve iyile\u015ftirilmesi ve risk tespiti ve analizlerinin yap\u0131lmas\u0131 ama\u00e7lar\u0131yla ba\u011f\u0131ms\u0131z denetim, g\u00fcmr\u00fck, mali m\u00fc\u015favir\/muhasebe hizmeti sunan i\u015f ortaklar\u0131m\u0131zla, topluluk \u015firketlerimiz, i\u015ftiraklerimiz, grup \u015firketlerimiz \u00f6zel entegrat\u00f6rlerle, teknoloji \u015firketleriyle, i\u015f ortaklar\u0131m\u0131z ve hizmet sa\u011flayan tedarik\u00e7ilerimizle,<br \/>\uf0b7Olas\u0131 \u015firket birle\u015fme, devralma, ortak giri\u015fim, b\u00f6l\u00fcnme ve sair yap\u0131sal de\u011fi\u015fikliklerde \u015eirketimizin hukuki ve finansal inceleme faaliyetlerinin ger\u00e7ekle\u015ftirilmesi amac\u0131yla potansiyel al\u0131c\u0131, sat\u0131c\u0131 veya i\u015flemin muhatab\u0131 sair taraflar ve bunlar\u0131n s\u0131r saklama y\u00fck\u00fcml\u00fcl\u00fc\u011f\u00fc alt\u0131ndaki \u00e7al\u0131\u015fanlar\u0131, dan\u0131\u015fmanlar\u0131 ve ilgili s\u00fcrece dahil olan veritaban\u0131 hizmet sa\u011flay\u0131c\u0131lar\u0131yla payla\u015f\u0131lmaktad\u0131r.<\/p>\n<p style=\"text-align: left;\"><span style=\"color: #4f0041;\">4.4. Hukuki \u0130\u015flemlerin Y\u00fcr\u00fct\u00fclmesi S\u00fcreci:<\/span><\/p>\n<p style=\"text-align: left;\">\uf0b7\u015eirketimizin tabi oldu\u011fu mevzuattan kaynaklanan y\u00fck\u00fcml\u00fcl\u00fcklerin yerine getirilmesi ve web sitesi faaliyetlerinin mevzuata uygun olarak y\u00fcr\u00fct\u00fclmesi, yetkili ki\u015fi, kurum ve kurulu\u015flara bilgi verilmesi, hukuk i\u015flerinin takibi ve y\u00fcr\u00fct\u00fclmesi, hukuki bir ihtilaf olmas\u0131 halinde bir hakk\u0131n kullan\u0131lmas\u0131 ve korunmas\u0131 ama\u00e7lar\u0131yla d\u00fczenleyici ve denetleyici kurumlar ile mahkeme ve icra m\u00fcd\u00fcrl\u00fckleri, arabulucular gibi yetkili kamu kurum ve kurulu\u015flar\u0131yla,<br \/>\uf0b7\u015eirketimizin denetim faaliyetlerinin y\u00fcr\u00fct\u00fclmesi, hukuki dan\u0131\u015fmanl\u0131k s\u00fcre\u00e7lerinin y\u00fcr\u00fct\u00fclmesi, \u015firket operasyonlar\u0131n\u0131n g\u00fcvenli\u011finin sa\u011flanmas\u0131, \u015f\u00fcpheli i\u015flemlere y\u00f6nelik inceleme yap\u0131lmas\u0131 ama\u00e7lar\u0131yla avukatlar, denet\u00e7iler, vergi dan\u0131\u015fmanlar\u0131, adli bili\u015fim uzmanlar\u0131, siber g\u00fcvenlik dan\u0131\u015fmanlar\u0131, vergi dan\u0131\u015fmanlar\u0131, topluluk \u015firketlerimiz, i\u015ftiraklerimiz, dan\u0131\u015fmanl\u0131k ve hizmet ald\u0131\u011f\u0131m\u0131z di\u011fer \u00fc\u00e7\u00fcnc\u00fc ki\u015filer ve i\u015f ortaklar\u0131yla, Payla\u015f\u0131lmaktad\u0131r.<\/p>\n<p style=\"text-align: left;\"><span style=\"color: #4f0041;\">4.5. A\u00e7\u0131k R\u0131zaya Dayal\u0131 Y\u00fcr\u00fct\u00fclen S\u00fcre\u00e7ler:<\/span><\/p>\n<p style=\"text-align: left;\">\uf0b7Pazarlama, reklam ve tan\u0131t\u0131m faaliyetlerinin y\u00fcr\u00fct\u00fclmesi, size \u00f6zel avantajl\u0131 tekliflerin sunulabilmesi, sizleri daha iyi tan\u0131yarak memnuniyetinizin artt\u0131r\u0131lmas\u0131na y\u00f6nelik faaliyetlerin y\u00fcr\u00fct\u00fclmesi ama\u00e7lar\u0131yla i\u015ftirakler, grup \u015firketleri, hizmet sa\u011flay\u0131c\u0131 ve i\u015f ortaklar\u0131yla Payla\u015f\u0131lmaktad\u0131r.<\/p>\n<p style=\"text-align: left;\"><span style=\"color: #4f0041;\">5- Ki\u015fisel Verilerinizin Korunmas\u0131na Y\u00f6nelik Haklar\u0131n\u0131z<\/span><\/p>\n<p style=\"text-align: left;\">\uf0b7Ki\u015fisel verilerinizin i\u015flenip i\u015flenmedi\u011fini \u00f6\u011frenme,<br \/>\uf0b7\u0130\u015flenmi\u015fse buna ili\u015fkin bilgi talep etme,<br \/>\uf0b7Ki\u015fisel verilerinizin i\u015flenme amac\u0131n\u0131 ve bunlar\u0131n amac\u0131na uygun kullan\u0131l\u0131p kullan\u0131lmad\u0131\u011f\u0131n\u0131 \u00f6\u011frenme,<br \/>\uf0b7Yurt i\u00e7inde veya yurt d\u0131\u015f\u0131nda aktar\u0131ld\u0131\u011f\u0131 \u00fc\u00e7\u00fcnc\u00fc ki\u015fileri bilme,<br \/>\uf0b7Ki\u015fisel verilerin eksik veya yanl\u0131\u015f i\u015flenmi\u015f olmas\u0131 halinde bunlar\u0131n d\u00fczeltilmesini isteme,<br \/>\uf0b7KVKK&#8217;da \u00f6ng\u00f6r\u00fclen \u015fartlar \u00e7er\u00e7evesinde ki\u015fisel verilerinizin silinmesini veya yok edilmesini isteme,<br \/>\uf0b7Yukar\u0131da belirtilen d\u00fczeltme, silinme ve yok edilme \u015feklindeki haklar\u0131n\u0131z uyar\u0131nca yap\u0131lan i\u015flemlerin, ki\u015fisel verilerin aktar\u0131ld\u0131\u011f\u0131 \u00fc\u00e7\u00fcnc\u00fc ki\u015filere bildirilmesini isteme,<br \/>\uf0b7\u0130\u015flenen ki\u015fisel verilerinizin m\u00fcnhas\u0131ran otomatik sistemler ile analiz edilmesi sureti ile aleyhinize bir sonucun ortaya \u00e7\u0131kmas\u0131na itiraz etme,<br \/>\uf0b7Ki\u015fisel verilerinizin ilgili mevzuata ayk\u0131r\u0131 olarak i\u015flenmesi sebebiyle zarara u\u011framan\u0131z h\u00e2linde zarar\u0131n\u0131z\u0131n giderilmesini talep etme haklar\u0131na sahipsiniz.<\/p>\n<p style=\"text-align: left;\"><span style=\"color: #4f0041;\">6.Ayd\u0131nlatma Metni Hakk\u0131nda<\/span><\/p>\n<p style=\"text-align: left;\">\u015eirket i\u015fbu Ki\u015fisel Verilerin Korunmas\u0131na \u0130li\u015fkin Ayd\u0131nlatma Metnini y\u00fcr\u00fcrl\u00fckteki mevzuatta yap\u0131labilecek de\u011fi\u015fiklikler \u00e7er\u00e7evesinde her zaman g\u00fcncelleme hakk\u0131n\u0131 sakl\u0131 tutar.<\/p>\n<p style=\"text-align: left;\">G\u00fcncellenme Tarihi: 13.11.2025<\/p>\n<p>&nbsp;<\/p>\n<p>[\/et_pb_text][\/et_pb_column][\/et_pb_row][\/et_pb_section]<\/p>\n","protected":false},"excerpt":{"rendered":"<p>[et_pb_section fb_built=&#8221;1&#8243; theme_builder_area=&#8221;post_content&#8221; _builder_version=&#8221;4.27.5&#8243; _module_preset=&#8221;default&#8221;][et_pb_row _builder_version=&#8221;4.27.5&#8243; _module_preset=&#8221;default&#8221; theme_builder_area=&#8221;post_content&#8221;][et_pb_column _builder_version=&#8221;4.27.5&#8243; _module_preset=&#8221;default&#8221; type=&#8221;4_4&#8243; theme_builder_area=&#8221;post_content&#8221;][et_pb_text _builder_version=&#8221;4.27.5&#8243; _module_preset=&#8221;default&#8221; theme_builder_area=&#8221;post_content&#8221; text_font=&#8221;&#8211;et_global_heading_font||||||||&#8221; text_orientation=&#8221;center&#8221; header_font=&#8221;&#8211;et_global_heading_font||||||||&#8221; header_text_align=&#8221;center&#8221; hover_enabled=&#8221;0&#8243; sticky_enabled=&#8221;0&#8243;] www.bahrish.com TARAFINDAN K\u0130\u015e\u0130SEL VER\u0130LER\u0130N KORUNMASINA \u0130L\u0130\u015eK\u0130N B\u0130LG\u0130LEND\u0130RME 1-Genel \u201cBAHRISH\u201d olarak; ki\u015fisel verilerinizin gizlili\u011fi ve g\u00fcvenli\u011fi en \u00f6nemli \u00f6nceliklerimiz aras\u0131ndad\u0131r. \u015eirketimiz, 6698 say\u0131l\u0131 Ki\u015fisel Verilerin Korunmas\u0131 Kanunu (&#8220;KVKK&#8221;) d\u00fczenlemelerine ve ikincil mevzuata uyumlu bir \u015fekilde [&hellip;]<\/p>\n","protected":false},"author":1,"featured_media":0,"parent":0,"menu_order":0,"comment_status":"closed","ping_status":"closed","template":"","meta":{"content-type":"","footnotes":""},"class_list":["post-574","page","type-page","status-publish","hentry"],"_links":{"self":[{"href":"https:\/\/magaza.bahrish.com\/tr\/wp-json\/wp\/v2\/pages\/574","targetHints":{"allow":["GET"]}}],"collection":[{"href":"https:\/\/magaza.bahrish.com\/tr\/wp-json\/wp\/v2\/pages"}],"about":[{"href":"https:\/\/magaza.bahrish.com\/tr\/wp-json\/wp\/v2\/types\/page"}],"author":[{"embeddable":true,"href":"https:\/\/magaza.bahrish.com\/tr\/wp-json\/wp\/v2\/users\/1"}],"replies":[{"embeddable":true,"href":"https:\/\/magaza.bahrish.com\/tr\/wp-json\/wp\/v2\/comments?post=574"}],"version-history":[{"count":0,"href":"https:\/\/magaza.bahrish.com\/tr\/wp-json\/wp\/v2\/pages\/574\/revisions"}],"wp:attachment":[{"href":"https:\/\/magaza.bahrish.com\/tr\/wp-json\/wp\/v2\/media?parent=574"}],"curies":[{"name":"wp","href":"https:\/\/api.w.org\/{rel}","templated":true}]}}