{"id":473,"date":"2024-07-12T14:01:58","date_gmt":"2024-07-12T14:01:58","guid":{"rendered":"http:\/\/sw-themes.com\/porto_dummy\/?page_id=473"},"modified":"2024-07-12T14:01:58","modified_gmt":"2024-07-12T14:01:58","slug":"contact-us","status":"publish","type":"page","link":"https:\/\/magaza.bahrish.com\/tr\/contact-us\/","title":{"rendered":"Contact Us"},"content":{"rendered":"<div data-elementor-type=\"wp-page\" data-elementor-id=\"473\" class=\"elementor elementor-473\">\n\t\t\t\t<div class=\"elementor-element elementor-element-a9baae4 e-con-full e-flex e-con e-parent\" data-id=\"a9baae4\" data-element_type=\"container\" data-e-type=\"container\">\r\n\t\t<div class=\"elementor-element elementor-element-de411a5 e-con-full e-flex e-con e-child\" data-id=\"de411a5\" data-element_type=\"container\" data-e-type=\"container\">\r\n\t\t\t\t<div class=\"elementor-element elementor-element-ff0af01 elementor-widget elementor-widget-heading\" data-id=\"ff0af01\" data-element_type=\"widget\" data-e-type=\"widget\" data-widget_type=\"heading.default\">\n\t\t\t\t\t<p class=\"elementor-heading-title elementor-size-default\">We'd love to hear from you! Our dedicated team at Porto Store is here to assist with any inquiries, provide personalized advice, or address any concerns you may have.<\/p>\t\t\t\t<\/div>\n\t\t\t\t<div class=\"elementor-element elementor-element-9e960f3 elementor-widget elementor-widget-porto_ultimate_heading\" data-id=\"9e960f3\" data-element_type=\"widget\" data-e-type=\"widget\" data-widget_type=\"porto_ultimate_heading.default\">\n\t\t\t\t\t<div class=\"porto-u-heading  porto-u-7cde7bb859728a21207628191890e260\"><div class=\"porto-u-main-heading\"><h2    style=\"margin-bottom: 3px;\">Customer Support<\/h2><\/div><div class=\"porto-u-sub-heading\" style=\"\">Our friendly customer support team is available to assist you Monday through Friday, from 9:00 AM to 6:00 PM.<\/div><style>.porto-u-7cde7bb859728a21207628191890e260.porto-u-heading{text-align:left}<\/style><\/div>\t\t\t\t<\/div>\n\t\t\t\t<div class=\"elementor-element elementor-element-e219e01 elementor-widget elementor-widget-porto_ultimate_heading\" data-id=\"e219e01\" data-element_type=\"widget\" data-e-type=\"widget\" data-widget_type=\"porto_ultimate_heading.default\">\n\t\t\t\t\t<div class=\"porto-u-heading  porto-u-7cde7bb859728a21207628191890e260\"><div class=\"porto-u-main-heading\"><h2    style=\"margin-bottom: 3px;\">Online Assistance<\/h2><\/div><div class=\"porto-u-sub-heading\" style=\"\">For quick queries or assistance outside our regular hours, you can use our live chat feature on the website. Our online support team is ready to provide real-time help.<\/div><style>.porto-u-7cde7bb859728a21207628191890e260.porto-u-heading{text-align:left}<\/style><\/div>\t\t\t\t<\/div>\n\t\t\t\t<div class=\"elementor-element elementor-element-9979517 elementor-widget elementor-widget-porto_ultimate_heading\" data-id=\"9979517\" data-element_type=\"widget\" data-e-type=\"widget\" data-widget_type=\"porto_ultimate_heading.default\">\n\t\t\t\t\t<div class=\"porto-u-heading  porto-u-7cde7bb859728a21207628191890e260\"><div class=\"porto-u-main-heading\"><h2    style=\"margin-bottom: 3px;\">Social Media<\/h2><\/div><div class=\"porto-u-sub-heading\" style=\"\">Connect with us on social media for the latest updates, design inspiration, and to stay in the loop with our community. Find us at @YourSocialMediaHandles<\/div><style>.porto-u-7cde7bb859728a21207628191890e260.porto-u-heading{text-align:left}<\/style><\/div>\t\t\t\t<\/div>\n\t\t\t\t<div class=\"elementor-element elementor-element-ada8235 elementor-widget elementor-widget-heading\" data-id=\"ada8235\" data-element_type=\"widget\" data-e-type=\"widget\" data-widget_type=\"heading.default\">\n\t\t\t\t\t<p class=\"elementor-heading-title elementor-size-default\">We are committed to ensuring your experience with Porto Store is exceptional.<\/p>\t\t\t\t<\/div>\n\t\t\t\t<\/div>\n\t\t<div class=\"elementor-element elementor-element-d1ec294 e-con-full e-flex e-con e-child\" data-id=\"d1ec294\" data-element_type=\"container\" data-e-type=\"container\">\r\n\t\t<div class=\"elementor-element elementor-element-80496a4 e-con-full e-flex e-con e-child\" data-id=\"80496a4\" data-element_type=\"container\" data-e-type=\"container\" data-settings=\"{&quot;background_background&quot;:&quot;classic&quot;}\">\r\n\t\t\t\t<div class=\"elementor-element elementor-element-83b1396 elementor-widget elementor-widget-heading\" data-id=\"83b1396\" data-element_type=\"widget\" data-e-type=\"widget\" data-widget_type=\"heading.default\">\n\t\t\t\t\t<h2 class=\"elementor-heading-title elementor-size-default\">Send a Message<\/h2>\t\t\t\t<\/div>\n\t\t\t\t<div class=\"elementor-element elementor-element-b58a6d5 contact-form elementor-widget elementor-widget-porto_contact_form\" data-id=\"b58a6d5\" data-element_type=\"widget\" data-e-type=\"widget\" data-widget_type=\"porto_contact_form.default\">\n\t\t\t\t\t\n<div class=\"wpcf7 no-js\" id=\"wpcf7-f479-o1\" lang=\"en-US\" dir=\"ltr\" data-wpcf7-id=\"479\">\n<div class=\"screen-reader-response\"><p role=\"status\" aria-live=\"polite\" aria-atomic=\"true\"><\/p> <ul><\/ul><\/div>\n<form action=\"\/tr\/wp-json\/wp\/v2\/pages\/473#wpcf7-f479-o1\" method=\"post\" class=\"wpcf7-form init\" aria-label=\"Contact form\" novalidate=\"novalidate\" data-status=\"init\" data-trp-original-action=\"\/tr\/wp-json\/wp\/v2\/pages\/473#wpcf7-f479-o1\">\n<fieldset class=\"hidden-fields-container\"><input type=\"hidden\" name=\"_wpcf7\" value=\"479\" \/><input type=\"hidden\" name=\"_wpcf7_version\" value=\"6.1.4\" \/><input type=\"hidden\" name=\"_wpcf7_locale\" value=\"en_US\" \/><input type=\"hidden\" name=\"_wpcf7_unit_tag\" value=\"wpcf7-f479-o1\" \/><input type=\"hidden\" name=\"_wpcf7_container_post\" value=\"0\" \/><input type=\"hidden\" name=\"_wpcf7_posted_data_hash\" value=\"\" \/>\n<\/fieldset>\n<p class=\"m-b-md\"><span class=\"wpcf7-form-control-wrap\" data-name=\"name\"><input size=\"40\" maxlength=\"400\" class=\"wpcf7-form-control wpcf7-text wpcf7-validates-as-required form-control\" id=\"name\" aria-required=\"true\" aria-invalid=\"false\" placeholder=\"Name *\" value=\"\" type=\"text\" name=\"name\" \/><\/span><\/p>\n<p class=\"m-b-md\"><span class=\"wpcf7-form-control-wrap\" data-name=\"email-976\"><input size=\"40\" maxlength=\"400\" class=\"wpcf7-form-control wpcf7-email wpcf7-validates-as-required wpcf7-text wpcf7-validates-as-email form-control\" id=\"email\" aria-required=\"true\" aria-invalid=\"false\" placeholder=\"E-mail *\" value=\"\" type=\"email\" name=\"email-976\" \/><\/span><\/p>\n<p class=\"m-b-md\"><span class=\"wpcf7-form-control-wrap\" data-name=\"tel-662\"><input size=\"40\" maxlength=\"400\" class=\"wpcf7-form-control wpcf7-tel wpcf7-validates-as-required wpcf7-text wpcf7-validates-as-tel form-control\" id=\"tel\" aria-required=\"true\" aria-invalid=\"false\" placeholder=\"Phone *\" value=\"\" type=\"tel\" name=\"tel-662\" \/><\/span><\/p>\n<p class=\"mb-4\"><span class=\"wpcf7-form-control-wrap\" data-name=\"message\"><textarea cols=\"40\" rows=\"10\" maxlength=\"2000\" class=\"wpcf7-form-control wpcf7-textarea wpcf7-validates-as-required form-control custom-textarea-style\" aria-required=\"true\" aria-invalid=\"false\" placeholder=\"Message *\" name=\"message\"><\/textarea><\/span><\/p>\n<button class=\"btn btn-dark btn-icon mt-2\">Send Message<i class=\"fas fa-angle-right\"><\/i><\/button><div class=\"wpcf7-response-output\" aria-hidden=\"true\"><\/div>\n<input type=\"hidden\" name=\"trp-form-language\" value=\"tr\"\/><\/form>\n<\/div>\n\t\t\t\t<\/div>\n\t\t\t\t<\/div>\n\t\t\t\t<\/div>\n\t\t\t\t<\/div>\n\t\t<div class=\"elementor-element elementor-element-b80af8b e-con-full e-flex e-con e-parent\" data-id=\"b80af8b\" data-element_type=\"container\" data-e-type=\"container\">\r\n\t\t\t\t<div class=\"elementor-element elementor-element-e912846 elementor-widget-divider--view-line elementor-widget elementor-widget-divider\" data-id=\"e912846\" data-element_type=\"widget\" data-e-type=\"widget\" data-widget_type=\"divider.default\">\n\t\t\t\t\t\t\t<div class=\"elementor-divider\">\n\t\t\t<span class=\"elementor-divider-separator\">\n\t\t\t\t\t\t<\/span>\n\t\t<\/div>\n\t\t\t\t\t\t<\/div>\n\t\t\t\t<\/div>\n\t\t<div class=\"elementor-element elementor-element-4e0f268 e-con-full e-flex e-con e-parent\" data-id=\"4e0f268\" data-element_type=\"container\" data-e-type=\"container\">\r\n\t\t<div class=\"elementor-element elementor-element-5a7b907 e-con-full e-flex e-con e-child\" data-id=\"5a7b907\" data-element_type=\"container\" data-e-type=\"container\">\r\n\t\t\t\t<div class=\"elementor-element elementor-element-f1833cd elementor-widget elementor-widget-heading\" data-id=\"f1833cd\" data-element_type=\"widget\" data-e-type=\"widget\" data-widget_type=\"heading.default\">\n\t\t\t\t\t<h2 class=\"elementor-heading-title elementor-size-default\">Frequent Asked Questions<\/h2>\t\t\t\t<\/div>\n\t\t\t\t<div class=\"elementor-element elementor-element-85f5b69 me-xxl-5 elementor-widget elementor-widget-heading\" data-id=\"85f5b69\" data-element_type=\"widget\" data-e-type=\"widget\" data-widget_type=\"heading.default\">\n\t\t\t\t\t<p class=\"elementor-heading-title elementor-size-default\">Your go-to resource for answers to common queries about our furniture store. We've compiled a list of frequently asked questions to make your shopping experience as seamless as possible. If you can't find the information you're looking for, feel free to reach out to our customer support team for personalized assistance.<\/p>\t\t\t\t<\/div>\n\t\t\t\t<\/div>\n\t\t<div class=\"elementor-element elementor-element-5969ac9 e-con-full e-flex e-con e-child\" data-id=\"5969ac9\" data-element_type=\"container\" data-e-type=\"container\">\r\n\t\t\t\t<div class=\"elementor-element elementor-element-41cfce6 elementor-widget elementor-widget-porto_faqs\" data-id=\"41cfce6\" data-element_type=\"widget\" data-e-type=\"widget\" data-widget_type=\"porto_faqs.default\">\n\t\t\t\t\t<div class=\"porto-faqs porto-faqsgh1z wpb_content_element\">\r\n\t<div class=\"page-faqs clearfix\" id=\"porto_faqs_kon4\">\r\n\r\n\t\t\r\n\t\t\r\n\t\t<div class=\"faq-row faqs-container\">\r\n\t\t\t\r\n<div class=\"faq post-506 type-faq status-publish hentry\">\r\n\t<section class=\"toggle\">\r\n\t\t<label>How can I place an order online?<\/label>\r\n\t\t<div class=\"toggle-content\">\r\n\t\t<h3 class=\"entry-title\" style=\"display: none;\">How can I place an order online?<\/h3><span class=\"vcard\" style=\"display: none;\"><span class=\"fn\"><a href=\"https:\/\/magaza.bahrish.com\/tr\/author\/bahrish\/\" title=\"bahrish taraf\u0131ndan yaz\u0131lan yaz\u0131lar\" rel=\"author\">bahrish<\/a><\/span><\/span><span class=\"updated\" style=\"display:none\">2024-07-13T01:52:04+00:00<\/span>\n<p>Lorem ipsum dolor sit amet, consectetur adipiscing elit. Curabitur eget leo at velit imperdiet varius. In eu ipsum vitae velit congue iaculis vitae at risus. Nullam tortor nunc, bibendum vitae semper a, volutpat eget massa.<\/p>\n\t\t<\/div>\r\n\t<\/section>\r\n<\/div>\r\n\r\n<div class=\"faq post-505 type-faq status-publish hentry\">\r\n\t<section class=\"toggle\">\r\n\t\t<label>What payment methods do you accept?<\/label>\r\n\t\t<div class=\"toggle-content\">\r\n\t\t<h3 class=\"entry-title\" style=\"display: none;\">What payment methods do you accept?<\/h3><span class=\"vcard\" style=\"display: none;\"><span class=\"fn\"><a href=\"https:\/\/magaza.bahrish.com\/tr\/author\/bahrish\/\" title=\"bahrish taraf\u0131ndan yaz\u0131lan yaz\u0131lar\" rel=\"author\">bahrish<\/a><\/span><\/span><span class=\"updated\" style=\"display:none\">2024-07-13T01:51:31+00:00<\/span>\n<p>Lorem ipsum dolor sit amet, consectetur adipiscing elit. Curabitur eget leo at velit imperdiet varius. In eu ipsum vitae velit congue iaculis vitae at risus. Nullam tortor nunc, bibendum vitae semper a, volutpat eget massa. Lorem ipsum dolor sit amet, consectetur adipiscing elit. Integer fringilla, orci sit amet posuere auctor, orci eros pellentesque odio, nec pellentesque erat ligula nec massa. Aenean consequat lorem ut felis ullamcorper posuere gravida tellus faucibus. Maecenas dolor elit, pulvinar eu vehicula eu, consequat et lacus. Duis et purus ipsum. In auctor mattis ipsum id molestie. Donec risus nulla, fringilla a rhoncus vitae, semper a massa. Vivamus ullamcorper, enim sit amet consequat laoreet, tortor tortor dictum urna, ut egestas urna ipsum nec libero. Nulla justo leo, molestie vel tempor nec, egestas at massa. Aenean pulvinar, felis porttitor iaculis pulvinar, odio orci sodales odio, ac pulvinar felis quam sit.<\/p>\n\t\t<\/div>\r\n\t<\/section>\r\n<\/div>\r\n\r\n<div class=\"faq post-504 type-faq status-publish hentry\">\r\n\t<section class=\"toggle\">\r\n\t\t<label>Can I track my order?<\/label>\r\n\t\t<div class=\"toggle-content\">\r\n\t\t<h3 class=\"entry-title\" style=\"display: none;\">Can I track my order?<\/h3><span class=\"vcard\" style=\"display: none;\"><span class=\"fn\"><a href=\"https:\/\/magaza.bahrish.com\/tr\/author\/bahrish\/\" title=\"bahrish taraf\u0131ndan yaz\u0131lan yaz\u0131lar\" rel=\"author\">bahrish<\/a><\/span><\/span><span class=\"updated\" style=\"display:none\">2024-07-13T01:50:57+00:00<\/span>\n<p>Lorem ipsum dolor sit amet, consectetur adipiscing elit. Curabitur eget leo at velit imperdiet varius. In eu ipsum vitae velit congue iaculis vitae at risus. Nullam tortor nunc, bibendum vitae semper a, volutpat eget massa.<\/p>\n\t\t<\/div>\r\n\t<\/section>\r\n<\/div>\r\n\r\n<div class=\"faq post-503 type-faq status-publish hentry\">\r\n\t<section class=\"toggle\">\r\n\t\t<label>What is your return policy?<\/label>\r\n\t\t<div class=\"toggle-content\">\r\n\t\t<h3 class=\"entry-title\" style=\"display: none;\">What is your return policy?<\/h3><span class=\"vcard\" style=\"display: none;\"><span class=\"fn\"><a href=\"https:\/\/magaza.bahrish.com\/tr\/author\/bahrish\/\" title=\"bahrish taraf\u0131ndan yaz\u0131lan yaz\u0131lar\" rel=\"author\">bahrish<\/a><\/span><\/span><span class=\"updated\" style=\"display:none\">2024-07-13T01:50:13+00:00<\/span>\n<p>Integer fringilla, orci sit amet posuere auctor, orci eros pellentesque odio, nec pellentesque erat ligula nec massa. Aenean consequat lorem ut felis ullamcorper posuere gravida tellus faucibus. Maecenas dolor elit, pulvinar eu vehicula eu, consequat et lacus. Duis et purus ipsum. In auctor mattis ipsum id molestie. Donec risus nulla, fringilla a rhoncus vitae, semper a massa. Vivamus ullamcorper, enim sit amet consequat laoreet, tortor tortor dictum urna, ut egestas urna ipsum nec libero. Nulla justo leo, molestie vel tempor nec, egestas at massa. Aenean pulvinar, felis porttitor iaculis pulvinar, odio orci sodales odio, ac pulvinar felis quam sit.<\/p>\n\t\t<\/div>\r\n\t<\/section>\r\n<\/div>\r\n\r\n<div class=\"faq post-502 type-faq status-publish hentry\">\r\n\t<section class=\"toggle\">\r\n\t\t<label>Do you offer assembly services?<\/label>\r\n\t\t<div class=\"toggle-content\">\r\n\t\t<h3 class=\"entry-title\" style=\"display: none;\">Do you offer assembly services?<\/h3><span class=\"vcard\" style=\"display: none;\"><span class=\"fn\"><a href=\"https:\/\/magaza.bahrish.com\/tr\/author\/bahrish\/\" title=\"bahrish taraf\u0131ndan yaz\u0131lan yaz\u0131lar\" rel=\"author\">bahrish<\/a><\/span><\/span><span class=\"updated\" style=\"display:none\">2024-07-13T01:44:03+00:00<\/span>\n<p>Lorem ipsum dolor sit amet, consectetur adipiscing elit. Curabitur eget leo at velit imperdiet varius. In eu ipsum vitae velit congue iaculis vitae at risus. Nullam tortor nunc, bibendum vitae semper a, volutpat eget massa. Lorem ipsum dolor sit amet, consectetur adipiscing elit. Integer fringilla, orci sit amet posuere auctor, orci eros pellentesque odio, nec pellentesque erat ligula nec massa. Aenean consequat lorem ut felis ullamcorper posuere gravida tellus faucibus. Maecenas dolor elit, pulvinar eu vehicula eu, consequat et lacus. Duis et purus ipsum. In auctor mattis ipsum id molestie. Donec risus nulla, fringilla a rhoncus vitae, semper a massa. Vivamus ullamcorper, enim sit amet consequat laoreet, tortor tortor dictum urna, ut egestas urna ipsum nec libero. Nulla justo leo, molestie vel tempor nec, egestas at massa. Aenean pulvinar, felis porttitor iaculis pulvinar, odio orci sodales odio, ac pulvinar felis quam sit.<\/p>\n\t\t<\/div>\r\n\t<\/section>\r\n<\/div>\r\n\t\t<\/div>\r\n\r\n\t\t\r\n\t<\/div>\r\n\r\n\t\r\n\t<\/div>\t\t\t\t<\/div>\n\t\t\t\t<\/div>\n\t\t\t\t<\/div>\n\t\t\t\t<\/div>","protected":false},"excerpt":{"rendered":"<p>We&#8217;d love to hear from you! Our dedicated team at Porto Store is here to assist with any inquiries, provide personalized advice, or address any concerns you may have. Customer Support Our friendly customer support team is available to assist you Monday through Friday, from 9:00 AM to 6:00 PM. Online Assistance For quick queries [&hellip;]<\/p>\n","protected":false},"author":1,"featured_media":0,"parent":0,"menu_order":0,"comment_status":"closed","ping_status":"closed","template":"","meta":{"content-type":"","footnotes":""},"class_list":["post-473","page","type-page","status-publish","hentry"],"_links":{"self":[{"href":"https:\/\/magaza.bahrish.com\/tr\/wp-json\/wp\/v2\/pages\/473","targetHints":{"allow":["GET"]}}],"collection":[{"href":"https:\/\/magaza.bahrish.com\/tr\/wp-json\/wp\/v2\/pages"}],"about":[{"href":"https:\/\/magaza.bahrish.com\/tr\/wp-json\/wp\/v2\/types\/page"}],"author":[{"embeddable":true,"href":"https:\/\/magaza.bahrish.com\/tr\/wp-json\/wp\/v2\/users\/1"}],"replies":[{"embeddable":true,"href":"https:\/\/magaza.bahrish.com\/tr\/wp-json\/wp\/v2\/comments?post=473"}],"version-history":[{"count":0,"href":"https:\/\/magaza.bahrish.com\/tr\/wp-json\/wp\/v2\/pages\/473\/revisions"}],"wp:attachment":[{"href":"https:\/\/magaza.bahrish.com\/tr\/wp-json\/wp\/v2\/media?parent=473"}],"curies":[{"name":"wp","href":"https:\/\/api.w.org\/{rel}","templated":true}]}}