{"id":469,"date":"2025-10-27T20:41:19","date_gmt":"2025-10-27T20:41:19","guid":{"rendered":"https:\/\/bahrish.com\/?page_id=469"},"modified":"2025-10-27T20:41:19","modified_gmt":"2025-10-27T20:41:19","slug":"yeni-gelenler-2","status":"publish","type":"page","link":"https:\/\/magaza.bahrish.com\/tr\/yeni-gelenler-2\/","title":{"rendered":"Yeni Gelenler"},"content":{"rendered":"<p>[et_pb_section fb_built=&quot;1&quot; fullwidth=&quot;on&quot; _builder_version=&quot;4.27.4&quot; _module_preset=&quot;default&quot; global_colors_info=&quot;{}&quot;][et_pb_fullwidth_menu menu_id=&quot;none&quot; menu_style=&quot;centered&quot; submenu_direction=&quot;downwards&quot; fullwidth_menu=&quot;on&quot; active_link_color=&quot;#571242&quot; dropdown_menu_bg_color=&quot;#571242&quot; dropdown_menu_line_color=&quot;#FFFFFF&quot; dropdown_menu_text_color=&quot;#FFFFFF&quot; dropdown_menu_active_link_color=&quot;#EDF000&quot; mobile_menu_bg_color=&quot;#571242&quot; mobile_menu_text_color=&quot;#FFFFFF&quot; logo=&quot;https:\/\/magaza.bahrish.com\/wp-content\/uploads\/2025\/10\/logo-mini.png&quot; logo_url=&quot;@ET-DC@eyJkeW5hbWljIjp0cnVlLCJjb250ZW50IjoiaG9tZV91cmwiLCJzZXR0aW5ncyI6e319@&quot; show_cart_icon=&quot;on&quot; show_cart_quantity=&quot;on&quot; show_search_icon=&quot;on&quot; cart_icon_color=&quot;#571242&quot; search_icon_color=&quot;#571242&quot; menu_icon_color=&quot;#571242&quot; cart_icon_font_size=&quot;18px&quot; _builder_version=&quot;4.27.4&quot; _dynamic_attributes=&quot;logo_url,link_option_url&quot; _module_preset=&quot;default&quot; menu_font=&quot;Aboreto|700|||||||&quot; menu_text_color=&quot;#571242&quot; menu_font_size=&quot;21px&quot; menu_letter_spacing=&quot;1px&quot; cart_quantity_font=&quot;Aboreto||||||||&quot; background_color=&quot;#FFFFFF&quot; width=&quot;100%&quot; custom_margin=&quot;|0px||0px|false|false&quot; custom_padding=&quot;0px|||10px|false|false&quot; animation_style=&quot;fade&quot; link_option_url=&quot;@ET-DC@eyJkeW5hbWljIjp0cnVlLCJjb250ZW50IjoiaG9tZV91cmwiLCJzZXR0aW5ncyI6e319@&quot; border_radii_image=&quot;off||||&quot; border_color_all_image=&quot;RGBA(255,255,255,0)&quot; border_style_all_image=&quot;none&quot; global_colors_info=&quot;{}&quot;][\/et_pb_fullwidth_menu][\/et_pb_section][et_pb_section fb_built=&quot;1&quot; admin_label=&quot;Products&quot; _builder_version=&quot;4.27.4&quot; _module_preset=&quot;default&quot; background_color=&quot;#FFFFFF&quot; custom_padding=&quot;68px|||||&quot; collapsed=&quot;on&quot; global_colors_info=&quot;{}&quot;][et_pb_row _builder_version=&quot;4.27.4&quot; _module_preset=&quot;default&quot; global_colors_info=&quot;{}&quot;][et_pb_column type=&quot;4_4&quot; _builder_version=&quot;4.27.4&quot; _module_preset=&quot;default&quot; global_colors_info=&quot;{}&quot;][et_pb_text _builder_version=&quot;4.27.4&quot; _module_preset=&quot;0ccb578a-3a4b-4538-9aef-9fd7703c7bca&quot; text_font=&quot;Aboreto||||||||&quot; header_font=&quot;Aboreto||||||||&quot; header_font_size=&quot;71px&quot; animation_style=&quot;fade&quot; global_colors_info=&quot;{}&quot;]<\/p>\n<h1>Yeni Gelenler<\/h1>\n<p>[\/et_pb_text][\/et_pb_column][\/et_pb_row][et_pb_row _builder_version=&#8221;4.27.4&#8243; _module_preset=&#8221;default&#8221; global_colors_info=&#8221;{}&#8221;][et_pb_column type=&#8221;4_4&#8243; _builder_version=&#8221;4.27.4&#8243; _module_preset=&#8221;default&#8221; global_colors_info=&#8221;{}&#8221;][et_pb_shop type=&#8221;latest&#8221; posts_number=&#8221;20&#8243; show_pagination=&#8221;on&#8221; columns_number=&#8221;4&#8243; _builder_version=&#8221;4.27.4&#8243; _module_preset=&#8221;77f8eff8-974e-40a5-9076-0845f38544a2&#8243; title_font=&#8221;Cabin|600|||||||&#8221; price_font=&#8221;Aboreto|600|||||||&#8221; price_font_size=&#8221;18px&#8221; sale_badge_font=&#8221;Aboreto|700||on|||||&#8221; text_orientation=&#8221;right&#8221; locked=&#8221;off&#8221; global_colors_info=&#8221;{%22gcid-a3412674-3498-4142-ac08-6afad8430048%22:%91%22icon_hover_color%22,%22price_text_color%22,%22rating_text_color%22%93}&#8221;][\/et_pb_shop][\/et_pb_column][\/et_pb_row][\/et_pb_section][et_pb_section fb_built=&#8221;1&#8243; admin_label=&#8221;Footer Links&#8221; _builder_version=&#8221;4.21.0&#8243; _module_preset=&#8221;default&#8221; locked=&#8221;off&#8221; collapsed=&#8221;on&#8221; global_colors_info=&#8221;{}&#8221;][et_pb_row column_structure=&#8221;1_3,1_3,1_3&#8243; _builder_version=&#8221;4.27.4&#8243; _module_preset=&#8221;default&#8221; global_colors_info=&#8221;{}&#8221;][et_pb_column type=&#8221;1_3&#8243; _builder_version=&#8221;4.21.0&#8243; _module_preset=&#8221;default&#8221; global_colors_info=&#8221;{}&#8221;][et_pb_text _builder_version=&#8221;4.21.0&#8243; _module_preset=&#8221;537721e0-0081-431f-ba03-3a7226fb8a32&#8243; custom_margin=&#8221;||20px||false|false&#8221; global_colors_info=&#8221;{}&#8221;]<\/p>\n<h3>Bahrish Home<\/h3>\n<p>[\/et_pb_text][et_pb_text _builder_version=&#8221;4.21.0&#8243; _module_preset=&#8221;c8089784-73f1-49a2-8e9d-c606affb8cbb&#8221; global_colors_info=&#8221;{}&#8221;]<\/p>\n<p>Bahrish olarak evinizin sizin s\u0131\u011f\u0131na\u011f\u0131n\u0131z oldu\u011funun bilincindeyiz ve vizyonunuzu hayata ge\u00e7irmenize yard\u0131mc\u0131 olmak i\u00e7in buraday\u0131z. Ola\u011fan\u00fcst\u00fc kalitemiz, zamans\u0131z tasar\u0131mlar\u0131m\u0131z ve ki\u015fiselle\u015ftirilmi\u015f m\u00fc\u015fteri hizmetlerimizle, s\u00fcrecin her a\u015famas\u0131nda beklentilerinizi a\u015fmak i\u00e7in \u00e7al\u0131\u015f\u0131yoruz.<\/p>\n<p>[\/et_pb_text][\/et_pb_column][et_pb_column type=&#8221;1_3&#8243; _builder_version=&#8221;4.21.0&#8243; _module_preset=&#8221;default&#8221; global_colors_info=&#8221;{}&#8221;][et_pb_text _builder_version=&#8221;4.21.0&#8243; _module_preset=&#8221;2df88a12-b009-486f-9e42-4fcd64db8bd8&#8243; custom_margin=&#8221;||20px||false|false&#8221; global_colors_info=&#8221;{}&#8221;]<\/p>\n<h4>\u00d6nemli Bilgiler<\/h4>\n<p>[\/et_pb_text][et_pb_text _builder_version=&#8221;4.27.4&#8243; _dynamic_attributes=&#8221;link_option_url&#8221; _module_preset=&#8221;c8089784-73f1-49a2-8e9d-c606affb8cbb&#8221; link_text_color=&#8221;gcid-4e1a4293-6847-4a8b-8670-1037625c3a21&#8243; custom_margin=&#8221;||8px||false|false&#8221; link_option_url=&#8221;@ET-DC@eyJkeW5hbWljIjp0cnVlLCJjb250ZW50IjoicG9zdF9saW5rX3VybF9wYWdlIiwic2V0dGluZ3MiOnsicG9zdF9pZCI6IjEwOCJ9fQ==@&#8221; global_colors_info=&#8221;{%22gcid-4e1a4293-6847-4a8b-8670-1037625c3a21%22:%91%22link_text_color%22%93}&#8221;]<\/p>\n<p>Hakk\u0131m\u0131zda<\/p>\n<p>[\/et_pb_text][et_pb_text _builder_version=&#8221;4.27.5&#8243; _dynamic_attributes=&#8221;link_option_url&#8221; _module_preset=&#8221;c8089784-73f1-49a2-8e9d-c606affb8cbb&#8221; link_text_color=&#8221;gcid-4e1a4293-6847-4a8b-8670-1037625c3a21&#8243; custom_margin=&#8221;||8px||false|false&#8221; link_option_url=&#8221;@ET-DC@eyJkeW5hbWljIjp0cnVlLCJjb250ZW50IjoicG9zdF9saW5rX3VybF9wYWdlIiwic2V0dGluZ3MiOnsicG9zdF9pZCI6IjU2OCJ9fQ==@&#8221; global_colors_info=&#8221;{%22gcid-4e1a4293-6847-4a8b-8670-1037625c3a21%22:%91%22link_text_color%22%93}&#8221;]<\/p>\n<p>Sat\u0131\u015f S\u00f6zle\u015fmesi<\/p>\n<p>[\/et_pb_text][et_pb_text _builder_version=&#8221;4.27.5&#8243; _dynamic_attributes=&#8221;link_option_url&#8221; _module_preset=&#8221;c8089784-73f1-49a2-8e9d-c606affb8cbb&#8221; link_text_color=&#8221;gcid-4e1a4293-6847-4a8b-8670-1037625c3a21&#8243; custom_margin=&#8221;||8px||false|false&#8221; link_option_url=&#8221;@ET-DC@eyJkeW5hbWljIjp0cnVlLCJjb250ZW50IjoicG9zdF9saW5rX3VybF9wYWdlIiwic2V0dGluZ3MiOnsicG9zdF9pZCI6IjU1NyJ9fQ==@&#8221; global_colors_info=&#8221;{%22gcid-4e1a4293-6847-4a8b-8670-1037625c3a21%22:%91%22link_text_color%22%93}&#8221;]<\/p>\n<p>\u0130ade Politikasi<\/p>\n<p>[\/et_pb_text][et_pb_text _builder_version=&#8221;4.27.5&#8243; _dynamic_attributes=&#8221;link_option_url&#8221; _module_preset=&#8221;c8089784-73f1-49a2-8e9d-c606affb8cbb&#8221; link_text_color=&#8221;gcid-4e1a4293-6847-4a8b-8670-1037625c3a21&#8243; custom_margin=&#8221;||8px||false|false&#8221; link_option_url=&#8221;@ET-DC@eyJkeW5hbWljIjp0cnVlLCJjb250ZW50IjoicG9zdF9saW5rX3VybF9wYWdlIiwic2V0dGluZ3MiOnsicG9zdF9pZCI6IjU2MiJ9fQ==@&#8221; global_colors_info=&#8221;{%22gcid-4e1a4293-6847-4a8b-8670-1037625c3a21%22:%91%22link_text_color%22%93}&#8221;]<\/p>\n<p>Teslimat \u015eartlar\u0131<\/p>\n<p>[\/et_pb_text][et_pb_text _builder_version=&#8221;4.27.5&#8243; _dynamic_attributes=&#8221;link_option_url&#8221; _module_preset=&#8221;c8089784-73f1-49a2-8e9d-c606affb8cbb&#8221; link_text_color=&#8221;gcid-4e1a4293-6847-4a8b-8670-1037625c3a21&#8243; custom_margin=&#8221;||8px||false|false&#8221; link_option_url=&#8221;@ET-DC@eyJkeW5hbWljIjp0cnVlLCJjb250ZW50IjoicG9zdF9saW5rX3VybF9wYWdlIiwic2V0dGluZ3MiOnsicG9zdF9pZCI6IjU3NCJ9fQ==@&#8221; global_colors_info=&#8221;{%22gcid-4e1a4293-6847-4a8b-8670-1037625c3a21%22:%91%22link_text_color%22%93}&#8221;]<\/p>\n<p>KVKK Ayd\u0131nlatma Metni<\/p>\n<p>[\/et_pb_text][et_pb_text _builder_version=&#8221;4.27.5&#8243; _dynamic_attributes=&#8221;link_option_url&#8221; _module_preset=&#8221;c8089784-73f1-49a2-8e9d-c606affb8cbb&#8221; link_text_color=&#8221;gcid-4e1a4293-6847-4a8b-8670-1037625c3a21&#8243; custom_margin=&#8221;||8px||false|false&#8221; link_option_url=&#8221;@ET-DC@eyJkeW5hbWljIjp0cnVlLCJjb250ZW50IjoicG9zdF9saW5rX3VybF9wYWdlIiwic2V0dGluZ3MiOnsicG9zdF9pZCI6IjY2NiJ9fQ==@&#8221; hover_enabled=&#8221;0&#8243; global_colors_info=&#8221;{%22gcid-4e1a4293-6847-4a8b-8670-1037625c3a21%22:%91%22link_text_color%22%93}&#8221; sticky_enabled=&#8221;0&#8243;]<\/p>\n<p>\u0130leti\u015fim<\/p>\n<p>[\/et_pb_text][\/et_pb_column][et_pb_column type=&#8221;1_3&#8243; _builder_version=&#8221;4.27.4&#8243; _module_preset=&#8221;default&#8221; global_colors_info=&#8221;{}&#8221;][et_pb_contact_form use_spam_service=&#8221;on&#8221; recaptcha_list=&#8221;bahrish|bahrish-0&#8243; email=&#8221;info@bahrish.com&#8221; title=&#8221;Bizimle \u0130leti\u015fime Ge\u00e7in&#8221; success_message=&#8221;Mesaj\u0131n\u0131z al\u0131nm\u0131\u015ft\u0131r en k\u0131sa s\u00fcrede sizler ile ileti\u015fime ge\u00e7ece\u011fiz.&#8221; submit_button_text=&#8221;G\u00f6nder&#8221; _builder_version=&#8221;4.27.4&#8243; _module_preset=&#8221;default&#8221; _unique_id=&#8221;c4c2df0a-3724-4cb5-8557-4feb0bc5a9c4&#8243; global_colors_info=&#8221;{}&#8221;][et_pb_contact_field field_id=&#8221;Ad&#8221; field_title=&#8221;Ad&#8221; allowed_symbols=&#8221;letters&#8221; _builder_version=&#8221;4.27.4&#8243; global_colors_info=&#8221;{}&#8221; button_text_size__hover_enabled=&#8221;off&#8221; button_one_text_size__hover_enabled=&#8221;off&#8221; button_two_text_size__hover_enabled=&#8221;off&#8221; button_text_color__hover_enabled=&#8221;off&#8221; button_one_text_color__hover_enabled=&#8221;off&#8221; button_two_text_color__hover_enabled=&#8221;off&#8221; button_border_width__hover_enabled=&#8221;off&#8221; button_one_border_width__hover_enabled=&#8221;off&#8221; button_two_border_width__hover_enabled=&#8221;off&#8221; button_border_color__hover_enabled=&#8221;off&#8221; button_one_border_color__hover_enabled=&#8221;off&#8221; button_two_border_color__hover_enabled=&#8221;off&#8221; button_border_radius__hover_enabled=&#8221;off&#8221; button_one_border_radius__hover_enabled=&#8221;off&#8221; button_two_border_radius__hover_enabled=&#8221;off&#8221; button_letter_spacing__hover_enabled=&#8221;off&#8221; button_one_letter_spacing__hover_enabled=&#8221;off&#8221; button_two_letter_spacing__hover_enabled=&#8221;off&#8221; button_bg_color__hover_enabled=&#8221;off&#8221; button_one_bg_color__hover_enabled=&#8221;off&#8221; button_two_bg_color__hover_enabled=&#8221;off&#8221;][\/et_pb_contact_field][et_pb_contact_field field_id=&#8221;Soyad&#8221; field_title=&#8221;Soyad&#8221; allowed_symbols=&#8221;letters&#8221; _builder_version=&#8221;4.27.4&#8243; global_colors_info=&#8221;{}&#8221; button_text_size__hover_enabled=&#8221;off&#8221; button_one_text_size__hover_enabled=&#8221;off&#8221; button_two_text_size__hover_enabled=&#8221;off&#8221; button_text_color__hover_enabled=&#8221;off&#8221; button_one_text_color__hover_enabled=&#8221;off&#8221; button_two_text_color__hover_enabled=&#8221;off&#8221; button_border_width__hover_enabled=&#8221;off&#8221; button_one_border_width__hover_enabled=&#8221;off&#8221; button_two_border_width__hover_enabled=&#8221;off&#8221; button_border_color__hover_enabled=&#8221;off&#8221; button_one_border_color__hover_enabled=&#8221;off&#8221; button_two_border_color__hover_enabled=&#8221;off&#8221; button_border_radius__hover_enabled=&#8221;off&#8221; button_one_border_radius__hover_enabled=&#8221;off&#8221; button_two_border_radius__hover_enabled=&#8221;off&#8221; button_letter_spacing__hover_enabled=&#8221;off&#8221; button_one_letter_spacing__hover_enabled=&#8221;off&#8221; button_two_letter_spacing__hover_enabled=&#8221;off&#8221; button_bg_color__hover_enabled=&#8221;off&#8221; button_one_bg_color__hover_enabled=&#8221;off&#8221; button_two_bg_color__hover_enabled=&#8221;off&#8221;][\/et_pb_contact_field][et_pb_contact_field field_id=&#8221;Telefon&#8221; field_title=&#8221;Telefon&#8221; allowed_symbols=&#8221;numbers&#8221; _builder_version=&#8221;4.27.4&#8243; global_colors_info=&#8221;{}&#8221; button_text_size__hover_enabled=&#8221;off&#8221; button_one_text_size__hover_enabled=&#8221;off&#8221; button_two_text_size__hover_enabled=&#8221;off&#8221; button_text_color__hover_enabled=&#8221;off&#8221; button_one_text_color__hover_enabled=&#8221;off&#8221; button_two_text_color__hover_enabled=&#8221;off&#8221; button_border_width__hover_enabled=&#8221;off&#8221; button_one_border_width__hover_enabled=&#8221;off&#8221; button_two_border_width__hover_enabled=&#8221;off&#8221; button_border_color__hover_enabled=&#8221;off&#8221; button_one_border_color__hover_enabled=&#8221;off&#8221; button_two_border_color__hover_enabled=&#8221;off&#8221; button_border_radius__hover_enabled=&#8221;off&#8221; button_one_border_radius__hover_enabled=&#8221;off&#8221; button_two_border_radius__hover_enabled=&#8221;off&#8221; button_letter_spacing__hover_enabled=&#8221;off&#8221; button_one_letter_spacing__hover_enabled=&#8221;off&#8221; button_two_letter_spacing__hover_enabled=&#8221;off&#8221; button_bg_color__hover_enabled=&#8221;off&#8221; button_one_bg_color__hover_enabled=&#8221;off&#8221; button_two_bg_color__hover_enabled=&#8221;off&#8221;][\/et_pb_contact_field][et_pb_contact_field field_id=&#8221;Email&#8221; field_title=&#8221;E-posta adresi&#8221; field_type=&#8221;email&#8221; _builder_version=&#8221;4.27.4&#8243; global_colors_info=&#8221;{}&#8221; button_text_size__hover_enabled=&#8221;off&#8221; button_one_text_size__hover_enabled=&#8221;off&#8221; button_two_text_size__hover_enabled=&#8221;off&#8221; button_text_color__hover_enabled=&#8221;off&#8221; button_one_text_color__hover_enabled=&#8221;off&#8221; button_two_text_color__hover_enabled=&#8221;off&#8221; button_border_width__hover_enabled=&#8221;off&#8221; button_one_border_width__hover_enabled=&#8221;off&#8221; button_two_border_width__hover_enabled=&#8221;off&#8221; button_border_color__hover_enabled=&#8221;off&#8221; button_one_border_color__hover_enabled=&#8221;off&#8221; button_two_border_color__hover_enabled=&#8221;off&#8221; button_border_radius__hover_enabled=&#8221;off&#8221; button_one_border_radius__hover_enabled=&#8221;off&#8221; button_two_border_radius__hover_enabled=&#8221;off&#8221; button_letter_spacing__hover_enabled=&#8221;off&#8221; button_one_letter_spacing__hover_enabled=&#8221;off&#8221; button_two_letter_spacing__hover_enabled=&#8221;off&#8221; button_bg_color__hover_enabled=&#8221;off&#8221; button_one_bg_color__hover_enabled=&#8221;off&#8221; button_two_bg_color__hover_enabled=&#8221;off&#8221;][\/et_pb_contact_field][et_pb_contact_field field_id=&#8221;Mesaj&#8221; field_title=&#8221;Mesaj&#8221; field_type=&#8221;text&#8221; fullwidth_field=&#8221;on&#8221; _builder_version=&#8221;4.27.4&#8243; global_colors_info=&#8221;{}&#8221; button_text_size__hover_enabled=&#8221;off&#8221; button_one_text_size__hover_enabled=&#8221;off&#8221; button_two_text_size__hover_enabled=&#8221;off&#8221; button_text_color__hover_enabled=&#8221;off&#8221; button_one_text_color__hover_enabled=&#8221;off&#8221; button_two_text_color__hover_enabled=&#8221;off&#8221; button_border_width__hover_enabled=&#8221;off&#8221; button_one_border_width__hover_enabled=&#8221;off&#8221; button_two_border_width__hover_enabled=&#8221;off&#8221; button_border_color__hover_enabled=&#8221;off&#8221; button_one_border_color__hover_enabled=&#8221;off&#8221; button_two_border_color__hover_enabled=&#8221;off&#8221; button_border_radius__hover_enabled=&#8221;off&#8221; button_one_border_radius__hover_enabled=&#8221;off&#8221; button_two_border_radius__hover_enabled=&#8221;off&#8221; button_letter_spacing__hover_enabled=&#8221;off&#8221; button_one_letter_spacing__hover_enabled=&#8221;off&#8221; button_two_letter_spacing__hover_enabled=&#8221;off&#8221; button_bg_color__hover_enabled=&#8221;off&#8221; button_one_bg_color__hover_enabled=&#8221;off&#8221; button_two_bg_color__hover_enabled=&#8221;off&#8221;][\/et_pb_contact_field][\/et_pb_contact_form][\/et_pb_column][\/et_pb_row][et_pb_row _builder_version=&#8221;4.21.0&#8243; _module_preset=&#8221;default&#8221; width=&#8221;100%&#8221; max_width=&#8221;none&#8221; custom_margin=&#8221;30px||||false|false&#8221; custom_padding=&#8221;|10%||10%|false|true&#8221; border_color_all=&#8221;rgba(0,0,0,0.12)&#8221; border_width_top=&#8221;1px&#8221; global_colors_info=&#8221;{}&#8221;][et_pb_column type=&#8221;4_4&#8243; _builder_version=&#8221;4.21.0&#8243; _module_preset=&#8221;default&#8221; global_colors_info=&#8221;{}&#8221;][et_pb_text _builder_version=&#8221;4.27.4&#8243; _dynamic_attributes=&#8221;content&#8221; _module_preset=&#8221;5d4aa738-6aea-4b52-aece-6b2c20c7360f&#8221; text_orientation=&#8221;center&#8221; global_colors_info=&#8221;{}&#8221;]@ET-DC@eyJkeW5hbWljIjp0cnVlLCJjb250ZW50IjoiY3VycmVudF9kYXRlIiwic2V0dGluZ3MiOnsiYmVmb3JlIjoiJmNvcHk7ICIsImFmdGVyIjoiIEJhaHJpc2guIFRcdTAwZmNtIEhha2xhclx1MDEzMSBTYWtsXHUwMTMxZFx1MDEzMXIuIEJ1IHNpdGVkZSB5ZXIgYWxhbiB0XHUwMGZjbSBnXHUwMGY2cnNlbCBpXHUwMGU3ZXJpa2xlciwgZm90b1x1MDExZnJhZmxhciwgdGFzYXJcdTAxMzFtbGFyLCBtZXRpbmxlciB2ZSBiaWxnaSBzYXlmYWxhclx1MDEzMSBiYWhyaXNoLmNvbVx1MjAxOWEgYWl0dGlyLiA1ODQ2IHNheVx1MDEzMWxcdTAxMzEgRmlraXIgdmUgU2FuYXQgRXNlcmxlcmkgS2FudW51IHZlIGlsZ2lsaSBtZXZ6dWF0IGhcdTAwZmNrXHUwMGZjbWxlcmkga2Fwc2FtXHUwMTMxbmRhIGtvcnVubWFrdGFkXHUwMTMxci4gXHUwMTMwemluc2l6IG9sYXJhayBrdWxsYW5cdTAxMzFsbWFzXHUwMTMxLCBrb3B5YWxhbm1hc1x1MDEzMSwgXHUwMGU3b1x1MDExZmFsdFx1MDEzMWxtYXNcdTAxMzEsIHlheVx1MDEzMW1sYW5tYXNcdTAxMzEgdmV5YSB0YWtsaXQgZWRpbG1lc2kgaGFsaW5kZSwgYmFocmlzaC5jb20gdGFyYWZcdTAxMzFuZGFuIGhlciB0XHUwMGZjcmxcdTAwZmMgeWFzYWwgaGFrIHNha2xcdTAxMzEgdHV0dWxtYWsga2F5ZFx1MDEzMXlsYSBodWt1a2kgdmUgY2V6YWkgaVx1MDE1ZmxlbWxlciBiYVx1MDE1ZmxhdFx1MDEzMWxhY2FrdFx1MDEzMXIuICIsImRhdGVfZm9ybWF0IjoiY3VzdG9tIiwiY3VzdG9tX2RhdGVfZm9ybWF0IjoiWSJ9fQ==@[\/et_pb_text][\/et_pb_column][\/et_pb_row][\/et_pb_section]<\/p>\n","protected":false},"excerpt":{"rendered":"<p>[et_pb_section fb_built=&quot;1&quot; fullwidth=&quot;on&quot; _builder_version=&quot;4.27.4&quot; _module_preset=&quot;default&quot; global_colors_info=&quot;{}&quot;][et_pb_fullwidth_menu menu_id=&quot;none&quot; menu_style=&quot;centered&quot; submenu_direction=&quot;downwards&quot; fullwidth_menu=&quot;on&quot; active_link_color=&quot;#571242&quot; dropdown_menu_bg_color=&quot;#571242&quot; dropdown_menu_line_color=&quot;#FFFFFF&quot; dropdown_menu_text_color=&quot;#FFFFFF&quot; dropdown_menu_active_link_color=&quot;#EDF000&quot; mobile_menu_bg_color=&quot;#571242&quot; mobile_menu_text_color=&quot;#FFFFFF&quot; logo=&quot;https:\/\/magaza.bahrish.com\/wp-content\/uploads\/2025\/10\/logo-mini.png&quot; logo_url=&quot;@ET-DC@eyJkeW5hbWljIjp0cnVlLCJjb250ZW50IjoiaG9tZV91cmwiLCJzZXR0aW5ncyI6e319@&quot; show_cart_icon=&quot;on&quot; show_cart_quantity=&quot;on&quot; show_search_icon=&quot;on&quot; cart_icon_color=&quot;#571242&quot; search_icon_color=&quot;#571242&quot; menu_icon_color=&quot;#571242&quot; cart_icon_font_size=&quot;18px&quot; _builder_version=&quot;4.27.4&quot; _dynamic_attributes=&quot;logo_url,link_option_url&quot; _module_preset=&quot;default&quot; menu_font=&quot;Aboreto|700|||||||&quot; menu_text_color=&quot;#571242&quot; menu_font_size=&quot;21px&quot; menu_letter_spacing=&quot;1px&quot; cart_quantity_font=&quot;Aboreto||||||||&quot; background_color=&quot;#FFFFFF&quot; width=&quot;100%&quot; custom_margin=&quot;|0px||0px|false|false&quot; custom_padding=&quot;0px|||10px|false|false&quot; animation_style=&quot;fade&quot; link_option_url=&quot;@ET-DC@eyJkeW5hbWljIjp0cnVlLCJjb250ZW50IjoiaG9tZV91cmwiLCJzZXR0aW5ncyI6e319@&quot; border_radii_image=&quot;off||||&quot; border_color_all_image=&quot;RGBA(255,255,255,0)&quot; border_style_all_image=&quot;none&quot; global_colors_info=&quot;{}&quot;][\/et_pb_fullwidth_menu][\/et_pb_section][et_pb_section fb_built=&quot;1&quot; admin_label=&quot;Products&quot; _builder_version=&quot;4.27.4&quot; _module_preset=&quot;default&quot; background_color=&quot;#FFFFFF&quot; custom_padding=&quot;68px|||||&quot; collapsed=&quot;on&quot; global_colors_info=&quot;{}&quot;][et_pb_row _builder_version=&quot;4.27.4&quot; _module_preset=&quot;default&quot; global_colors_info=&quot;{}&quot;][et_pb_column [&hellip;]<\/p>\n","protected":false},"author":1,"featured_media":0,"parent":0,"menu_order":0,"comment_status":"closed","ping_status":"closed","template":"","meta":{"content-type":"","footnotes":""},"class_list":["post-469","page","type-page","status-publish","hentry"],"_links":{"self":[{"href":"https:\/\/magaza.bahrish.com\/tr\/wp-json\/wp\/v2\/pages\/469","targetHints":{"allow":["GET"]}}],"collection":[{"href":"https:\/\/magaza.bahrish.com\/tr\/wp-json\/wp\/v2\/pages"}],"about":[{"href":"https:\/\/magaza.bahrish.com\/tr\/wp-json\/wp\/v2\/types\/page"}],"author":[{"embeddable":true,"href":"https:\/\/magaza.bahrish.com\/tr\/wp-json\/wp\/v2\/users\/1"}],"replies":[{"embeddable":true,"href":"https:\/\/magaza.bahrish.com\/tr\/wp-json\/wp\/v2\/comments?post=469"}],"version-history":[{"count":0,"href":"https:\/\/magaza.bahrish.com\/tr\/wp-json\/wp\/v2\/pages\/469\/revisions"}],"wp:attachment":[{"href":"https:\/\/magaza.bahrish.com\/tr\/wp-json\/wp\/v2\/media?parent=469"}],"curies":[{"name":"wp","href":"https:\/\/api.w.org\/{rel}","templated":true}]}}